{"id":757,"date":"2024-02-25T20:46:11","date_gmt":"2024-02-25T20:46:11","guid":{"rendered":"https:\/\/amadocattaneo.com.ar\/site\/?page_id=757"},"modified":"2025-09-03T13:36:35","modified_gmt":"2025-09-03T13:36:35","slug":"casasilvestre","status":"publish","type":"page","link":"https:\/\/amadocattaneo.com.ar\/site\/casasilvestre\/","title":{"rendered":"SILVESTRE"},"content":{"rendered":"<p>[et_pb_section fb_built=\u00bb1&#8243; disabled_on=\u00bbon|on|off\u00bb _builder_version=\u00bb4.24.2&#8243; _module_preset=\u00bbdefault\u00bb background_color=\u00bb#FFFFFF\u00bb background_enable_image=\u00bboff\u00bb locked=\u00bboff\u00bb global_colors_info=\u00bb{}\u00bb][et_pb_row column_structure=\u00bb1_4,3_4&#8243; use_custom_gutter=\u00bbon\u00bb gutter_width=\u00bb2&#8243; make_equal=\u00bbon\u00bb _builder_version=\u00bb4.27.3&#8243; _module_preset=\u00bbdefault\u00bb positioning=\u00bbnone\u00bb position_origin_a=\u00bbcenter_left\u00bb position_origin_f=\u00bbcenter_left\u00bb width=\u00bb95%\u00bb max_width=\u00bbnone\u00bb height=\u00bb84vh\u00bb custom_margin=\u00bb||||false|false\u00bb global_colors_info=\u00bb{}\u00bb][et_pb_column type=\u00bb1_4&#8243; _builder_version=\u00bb4.24.1&#8243; _module_preset=\u00bbdefault\u00bb global_colors_info=\u00bb{}\u00bb][et_pb_text _builder_version=\u00bb4.27.4&#8243; _module_preset=\u00bbdefault\u00bb text_font=\u00bbArboria Thin|500|||||||\u00bb text_text_color=\u00bb#000000&#8243; link_text_color=\u00bb#000000&#8243; header_font=\u00bbArboria Light||||||||\u00bb header_text_color=\u00bb#000000&#8243; header_font_size=\u00bb40px\u00bb header_3_font=\u00bbArboria Thin||||||||\u00bb width=\u00bb100%\u00bb max_height=\u00bb100%\u00bb custom_margin=\u00bb||||false|false\u00bb custom_padding=\u00bb||||false|false\u00bb hover_enabled=\u00bb0&#8243; custom_css_free_form=\u00bb.selector {overflow-y: auto;}||::-webkit-scrollbar {||width: 5px;||}||::-webkit-scrollbar-track {||background: #ffffff;||border-radius: 4px;||}||::-webkit-scrollbar-thumb {||background: #eeeeee;||border-radius: 4px;||}\u00bb global_colors_info=\u00bb{}\u00bb content__hover_enabled=\u00bboff|desktop\u00bb content__hover=\u00bb<\/p>\n<h1><span style=%22color: #000000;%22><\/span><\/h1>\n<h1><span style=%22color: #000000;%22><\/span><\/h1>\n<\/p>\n<p>\u00bb sticky_enabled=\u00bb0&#8243;]<\/p>\n<h1><\/h1>\n<h1><span style=\"font-size: 40px;\">SILVESTRE CLUBHOUSE<\/span><\/h1>\n<p><span style=\"color: #000000;\"><\/span><\/p>\n<p><strong>\u00a0<\/strong><\/p>\n<h3><strong>INFORMACI\u00d3N<\/strong><\/h3>\n<p>Nordelta, Buenos Aires<\/p>\n<p>Superficie Total: 700m2<\/p>\n<p>A\u00f1o Proyecto: 2023<\/p>\n<p><strong>\u00a0<\/strong><\/p>\n<h3><strong>MEMORIA DESCRIPTIVA<\/strong><\/h3>\n<p>El Club House de Nordelta, en forma de L, enfatiza la conexi\u00f3n con el entorno natural, mediante l\u00edneas puras y solados curvos que se integran con el terreno. Se destacan estrategias sostenibles como grandes ventanales y una cubierta verde.<\/p>\n<p>La guardia principal de Silvestre se presenta como una losa con tres bloques separados, reflejando el movimiento del barrio. Incluye solados y canteros flexibles, junto con una terraza verde con paneles fotovoltaicos, replicando el enfoque del Club House.<\/p>\n<p>El SUM Deportivo, ubicado en la entrada secundaria, fomenta la conexi\u00f3n entre actividades deportivas con su dise\u00f1o de losa y tabiques de hormig\u00f3n visto. Se prioriza la interacci\u00f3n positiva con el barrio y se aplican estrategias sustentables.<\/p>\n<p>[\/et_pb_text][\/et_pb_column][et_pb_column type=\u00bb3_4&#8243; _builder_version=\u00bb4.24.0&#8243; _module_preset=\u00bbdefault\u00bb global_colors_info=\u00bb{}\u00bb][et_pb_gallery gallery_ids=\u00bb792,788,791,789,787,786&#8243; fullwidth=\u00bbon\u00bb _builder_version=\u00bb4.24.2&#8243; _module_preset=\u00bbdefault\u00bb transform_scale_linked=\u00bboff\u00bb transform_translate=\u00bb0px|15px\u00bb transform_translate_linked=\u00bboff\u00bb locked=\u00bboff\u00bb global_colors_info=\u00bb{}\u00bb][\/et_pb_gallery][\/et_pb_column][\/et_pb_row][et_pb_row use_custom_gutter=\u00bbon\u00bb gutter_width=\u00bb2&#8243; _builder_version=\u00bb4.24.2&#8243; _module_preset=\u00bbdefault\u00bb positioning=\u00bbnone\u00bb position_origin_a=\u00bbcenter_left\u00bb position_origin_f=\u00bbcenter_left\u00bb width=\u00bb95%\u00bb max_width=\u00bbnone\u00bb custom_margin=\u00bb||||false|false\u00bb global_colors_info=\u00bb{}\u00bb][et_pb_column type=\u00bb4_4&#8243; _builder_version=\u00bb4.24.1&#8243; _module_preset=\u00bbdefault\u00bb global_colors_info=\u00bb{}\u00bb][et_pb_image src=\u00bbhttps:\/\/amadocattaneo.com.ar\/site\/wp-content\/uploads\/2024\/02\/gal3-1.jpg\u00bb alt=\u00bbSilvestre\u00bb align=\u00bbright\u00bb _builder_version=\u00bb4.27.4&#8243; _module_preset=\u00bbdefault\u00bb position_origin_f=\u00bbcenter_center\u00bb position_origin_r=\u00bbtop_right\u00bb custom_margin=\u00bb25px||||false|false\u00bb global_colors_info=\u00bb{}\u00bb][\/et_pb_image][et_pb_image src=\u00bbhttps:\/\/amadocattaneo.com.ar\/site\/wp-content\/uploads\/2024\/02\/gal6.jpg\u00bb alt=\u00bbSilvestre\u00bb align=\u00bbright\u00bb _builder_version=\u00bb4.24.2&#8243; _module_preset=\u00bbdefault\u00bb position_origin_f=\u00bbcenter_center\u00bb position_origin_r=\u00bbtop_right\u00bb custom_margin=\u00bb25px||||false|false\u00bb global_colors_info=\u00bb{}\u00bb][\/et_pb_image][et_pb_image src=\u00bbhttps:\/\/amadocattaneo.com.ar\/site\/wp-content\/uploads\/2024\/02\/gal4-1.jpg\u00bb alt=\u00bbSilvestre\u00bb align=\u00bbright\u00bb _builder_version=\u00bb4.24.2&#8243; _module_preset=\u00bbdefault\u00bb position_origin_f=\u00bbcenter_center\u00bb position_origin_r=\u00bbtop_right\u00bb custom_margin=\u00bb25px||||false|false\u00bb global_colors_info=\u00bb{}\u00bb][\/et_pb_image][et_pb_image src=\u00bbhttps:\/\/amadocattaneo.com.ar\/site\/wp-content\/uploads\/2024\/02\/gal2-1.jpg\u00bb alt=\u00bbSilvestre\u00bb align=\u00bbright\u00bb _builder_version=\u00bb4.24.2&#8243; _module_preset=\u00bbdefault\u00bb position_origin_f=\u00bbcenter_center\u00bb position_origin_r=\u00bbtop_right\u00bb custom_margin=\u00bb25px||||false|false\u00bb global_colors_info=\u00bb{}\u00bb][\/et_pb_image][et_pb_image src=\u00bbhttps:\/\/amadocattaneo.com.ar\/site\/wp-content\/uploads\/2024\/02\/gal1-1.jpg\u00bb alt=\u00bbSilvestre\u00bb align=\u00bbright\u00bb _builder_version=\u00bb4.24.2&#8243; _module_preset=\u00bbdefault\u00bb position_origin_f=\u00bbcenter_center\u00bb position_origin_r=\u00bbtop_right\u00bb custom_margin=\u00bb25px||||false|false\u00bb global_colors_info=\u00bb{}\u00bb][\/et_pb_image][\/et_pb_column][\/et_pb_row][\/et_pb_section]<\/p>\n","protected":false},"excerpt":{"rendered":"<p>SILVESTRE CLUBHOUSE \u00a0 INFORMACI\u00d3N Nordelta, Buenos Aires Superficie Total: 700m2 A\u00f1o Proyecto: 2023 \u00a0 MEMORIA DESCRIPTIVA El Club House de Nordelta, en forma de L, enfatiza la conexi\u00f3n con el entorno natural, mediante l\u00edneas puras y solados curvos que se integran con el terreno. Se destacan estrategias sostenibles como grandes ventanales y una cubierta verde. [&hellip;]<\/p>\n","protected":false},"author":1,"featured_media":0,"parent":0,"menu_order":0,"comment_status":"closed","ping_status":"closed","template":"","meta":{"_et_pb_use_builder":"on","_et_pb_old_content":"","_et_gb_content_width":"","footnotes":""},"class_list":["post-757","page","type-page","status-publish","hentry"],"_links":{"self":[{"href":"https:\/\/amadocattaneo.com.ar\/site\/wp-json\/wp\/v2\/pages\/757","targetHints":{"allow":["GET"]}}],"collection":[{"href":"https:\/\/amadocattaneo.com.ar\/site\/wp-json\/wp\/v2\/pages"}],"about":[{"href":"https:\/\/amadocattaneo.com.ar\/site\/wp-json\/wp\/v2\/types\/page"}],"author":[{"embeddable":true,"href":"https:\/\/amadocattaneo.com.ar\/site\/wp-json\/wp\/v2\/users\/1"}],"replies":[{"embeddable":true,"href":"https:\/\/amadocattaneo.com.ar\/site\/wp-json\/wp\/v2\/comments?post=757"}],"version-history":[{"count":51,"href":"https:\/\/amadocattaneo.com.ar\/site\/wp-json\/wp\/v2\/pages\/757\/revisions"}],"predecessor-version":[{"id":5817,"href":"https:\/\/amadocattaneo.com.ar\/site\/wp-json\/wp\/v2\/pages\/757\/revisions\/5817"}],"wp:attachment":[{"href":"https:\/\/amadocattaneo.com.ar\/site\/wp-json\/wp\/v2\/media?parent=757"}],"curies":[{"name":"wp","href":"https:\/\/api.w.org\/{rel}","templated":true}]}}