{"id":6030,"date":"2026-01-11T12:16:54","date_gmt":"2026-01-11T12:16:54","guid":{"rendered":"https:\/\/amadocattaneo.com.ar\/site\/?page_id=6030"},"modified":"2026-01-28T11:34:27","modified_gmt":"2026-01-28T11:34:27","slug":"casabonhillmovil","status":"publish","type":"page","link":"https:\/\/amadocattaneo.com.ar\/site\/casabonhillmovil\/","title":{"rendered":"BONHILL"},"content":{"rendered":"<p>[et_pb_section fb_built=\u00bb1&#8243; disabled_on=\u00bboff|off|on\u00bb _builder_version=\u00bb4.27.4&#8243; _module_preset=\u00bbdefault\u00bb background_color=\u00bb#FFFFFF\u00bb background_enable_image=\u00bboff\u00bb custom_margin=\u00bb|8px||12px|false|false\u00bb locked=\u00bboff\u00bb global_colors_info=\u00bb{}\u00bb][et_pb_row column_structure=\u00bb1_4,3_4&#8243; use_custom_gutter=\u00bbon\u00bb gutter_width=\u00bb2&#8243; _builder_version=\u00bb4.24.2&#8243; _module_preset=\u00bbdefault\u00bb positioning=\u00bbnone\u00bb position_origin_a=\u00bbcenter_left\u00bb position_origin_f=\u00bbcenter_left\u00bb width=\u00bb95%\u00bb max_width=\u00bbnone\u00bb custom_margin=\u00bb||||false|false\u00bb global_colors_info=\u00bb{}\u00bb][et_pb_column type=\u00bb1_4&#8243; _builder_version=\u00bb4.24.1&#8243; _module_preset=\u00bbdefault\u00bb global_colors_info=\u00bb{}\u00bb][et_pb_text _builder_version=\u00bb4.27.5&#8243; _module_preset=\u00bbdefault\u00bb text_font=\u00bbArboria Thin|500|||||||\u00bb text_text_color=\u00bb#000000&#8243; link_text_color=\u00bb#000000&#8243; header_font=\u00bbArboria Light||||||||\u00bb header_text_color=\u00bb#000000&#8243; header_font_size=\u00bb40px\u00bb width=\u00bb100%\u00bb custom_margin=\u00bb||||false|false\u00bb custom_padding=\u00bb||||false|false\u00bb global_colors_info=\u00bb{}\u00bb content__hover_enabled=\u00bboff|desktop\u00bb content__hover=\u00bb<\/p>\n<h1><span style=%22color: #000000;%22><\/span><\/h1>\n<h1><span style=%22color: #000000;%22><\/span><\/h1>\n<\/p>\n<p>\u00ab]<\/p>\n<h1><span style=\"color: #000000;\"><\/span><\/h1>\n<h1><span style=\"color: #000000;\">BONHILL<\/span><\/h1>\n<p>[\/et_pb_text][et_pb_gallery gallery_ids=\u00bb6002,6003,6004,6005,6006,6007,6008,6009&#8243; fullwidth=\u00bbon\u00bb _builder_version=\u00bb4.27.5&#8243; _module_preset=\u00bbdefault\u00bb transform_translate=\u00bb0px|15px\u00bb transform_translate_linked=\u00bboff\u00bb locked=\u00bboff\u00bb global_colors_info=\u00bb{}\u00bb][\/et_pb_gallery][\/et_pb_column][et_pb_column type=\u00bb3_4&#8243; _builder_version=\u00bb4.24.0&#8243; _module_preset=\u00bbdefault\u00bb global_colors_info=\u00bb{}\u00bb][et_pb_text _builder_version=\u00bb4.27.5&#8243; _module_preset=\u00bbdefault\u00bb text_font=\u00bbArboria Thin|500|||||||\u00bb text_text_color=\u00bb#000000&#8243; link_text_color=\u00bb#000000&#8243; header_font=\u00bbArboria Light||||||||\u00bb header_text_color=\u00bb#000000&#8243; header_font_size=\u00bb40px\u00bb width=\u00bb100%\u00bb custom_margin=\u00bb||||false|false\u00bb custom_padding=\u00bb||||false|false\u00bb hover_enabled=\u00bb0&#8243; global_colors_info=\u00bb{}\u00bb content__hover_enabled=\u00bboff|desktop\u00bb content__hover=\u00bb<\/p>\n<h1><span style=%22color: #000000;%22><\/span><\/h1>\n<h1><span style=%22color: #000000;%22><\/span><\/h1>\n<\/p>\n<p>\u00bb sticky_enabled=\u00bb0&#8243;]<\/p>\n<h3><strong><\/strong><\/h3>\n<h3><strong>INFORMACI\u00d3N<\/strong><\/h3>\n<p>Beverly Hills, Los Angeles<\/p>\n<p>Superficie Total: 1100m2<\/p>\n<p>A\u00f1o Proyecto: 2025<\/p>\n<p><strong>\u00a0<\/strong><\/p>\n<h3><strong>MEMORIA DESCRIPTIVA<\/strong><\/h3>\n<p>El proyecto se implanta en un entorno natural, buscando una integraci\u00f3n equilibrada entre arquitectura y paisaje. La propuesta se define a partir de una composici\u00f3n de planos horizontales superpuestos, que configuran una volumetr\u00eda clara, contempor\u00e1nea y de fuerte car\u00e1cter.<\/p>\n<p>La vivienda se desarrolla en dos niveles. En planta baja se disponen los espacios sociales, organizados de manera continua y flexible, con una fuerte relaci\u00f3n visual y espacial con el exterior mediante grandes superficies vidriadas. El nivel superior alberga los espacios privados, con expansiones hacia terrazas que refuerzan la conexi\u00f3n con el entorno y generan \u00e1reas de sombra sobre la planta inferior.<\/p>\n<p>La materialidad se resuelve con una paleta sobria y atemporal, en tonos claros, complementada por elementos de control solar que optimizan el confort ambiental y refuerzan la lectura horizontal del conjunto.<\/p>\n<p>[\/et_pb_text][\/et_pb_column][\/et_pb_row][et_pb_row use_custom_gutter=\u00bbon\u00bb gutter_width=\u00bb2&#8243; _builder_version=\u00bb4.24.2&#8243; _module_preset=\u00bbdefault\u00bb positioning=\u00bbnone\u00bb position_origin_a=\u00bbcenter_left\u00bb position_origin_f=\u00bbcenter_left\u00bb width=\u00bb95%\u00bb max_width=\u00bbnone\u00bb custom_margin=\u00bb||||false|false\u00bb locked=\u00bboff\u00bb global_colors_info=\u00bb{}\u00bb][et_pb_column type=\u00bb4_4&#8243; _builder_version=\u00bb4.24.1&#8243; _module_preset=\u00bbdefault\u00bb global_colors_info=\u00bb{}\u00bb][et_pb_image src=\u00bbhttps:\/\/amadocattaneo.com.ar\/site\/wp-content\/uploads\/2026\/01\/gal1bonhill.jpg\u00bb alt=\u00bbBonhill\u00bb title_text=\u00bbgal1lindaflora\u00bb align=\u00bbright\u00bb _builder_version=\u00bb4.27.5&#8243; _module_preset=\u00bbdefault\u00bb position_origin_f=\u00bbcenter_center\u00bb position_origin_r=\u00bbtop_right\u00bb custom_margin=\u00bb25px||||false|false\u00bb global_colors_info=\u00bb{}\u00bb][\/et_pb_image][et_pb_image src=\u00bbhttps:\/\/amadocattaneo.com.ar\/site\/wp-content\/uploads\/2026\/01\/gal2bonhill.jpg\u00bb alt=\u00bbBonhill\u00bb _builder_version=\u00bb4.27.5&#8243; _module_preset=\u00bbdefault\u00bb custom_margin=\u00bb25px||||false|false\u00bb global_colors_info=\u00bb{}\u00bb][\/et_pb_image][et_pb_image src=\u00bbhttps:\/\/amadocattaneo.com.ar\/site\/wp-content\/uploads\/2026\/01\/gal3bonhill.jpg\u00bb alt=\u00bbBonhill\u00bb _builder_version=\u00bb4.27.5&#8243; _module_preset=\u00bbdefault\u00bb custom_margin=\u00bb25px||||false|false\u00bb global_colors_info=\u00bb{}\u00bb][\/et_pb_image][et_pb_image src=\u00bbhttps:\/\/amadocattaneo.com.ar\/site\/wp-content\/uploads\/2026\/01\/gal4bonhill.jpg\u00bb alt=\u00bbBonhill\u00bb _builder_version=\u00bb4.27.5&#8243; _module_preset=\u00bbdefault\u00bb custom_margin=\u00bb25px||||false|false\u00bb global_colors_info=\u00bb{}\u00bb][\/et_pb_image][et_pb_image src=\u00bbhttps:\/\/amadocattaneo.com.ar\/site\/wp-content\/uploads\/2026\/01\/gal5bonhill.jpg\u00bb alt=\u00bbBonhill\u00bb _builder_version=\u00bb4.27.5&#8243; _module_preset=\u00bbdefault\u00bb custom_margin=\u00bb25px||||false|false\u00bb global_colors_info=\u00bb{}\u00bb][\/et_pb_image][et_pb_image src=\u00bbhttps:\/\/amadocattaneo.com.ar\/site\/wp-content\/uploads\/2026\/01\/gal6bonhill.jpg\u00bb alt=\u00bbBonhill\u00bb _builder_version=\u00bb4.27.5&#8243; _module_preset=\u00bbdefault\u00bb custom_margin=\u00bb25px||||false|false\u00bb global_colors_info=\u00bb{}\u00bb][\/et_pb_image][et_pb_image src=\u00bbhttps:\/\/amadocattaneo.com.ar\/site\/wp-content\/uploads\/2026\/01\/gal7bonhill.jpg\u00bb alt=\u00bbBonhill\u00bb _builder_version=\u00bb4.27.5&#8243; _module_preset=\u00bbdefault\u00bb custom_margin=\u00bb25px||||false|false\u00bb global_colors_info=\u00bb{}\u00bb][\/et_pb_image][\/et_pb_column][\/et_pb_row][\/et_pb_section]<\/p>\n","protected":false},"excerpt":{"rendered":"<p>BONHILL INFORMACI\u00d3N Beverly Hills, Los Angeles Superficie Total: 1100m2 A\u00f1o Proyecto: 2025 \u00a0 MEMORIA DESCRIPTIVA El proyecto se implanta en un entorno natural, buscando una integraci\u00f3n equilibrada entre arquitectura y paisaje. La propuesta se define a partir de una composici\u00f3n de planos horizontales superpuestos, que configuran una volumetr\u00eda clara, contempor\u00e1nea y de fuerte car\u00e1cter. La [&hellip;]<\/p>\n","protected":false},"author":1,"featured_media":0,"parent":0,"menu_order":0,"comment_status":"closed","ping_status":"closed","template":"","meta":{"_et_pb_use_builder":"on","_et_pb_old_content":"","_et_gb_content_width":"","footnotes":""},"class_list":["post-6030","page","type-page","status-publish","hentry"],"_links":{"self":[{"href":"https:\/\/amadocattaneo.com.ar\/site\/wp-json\/wp\/v2\/pages\/6030","targetHints":{"allow":["GET"]}}],"collection":[{"href":"https:\/\/amadocattaneo.com.ar\/site\/wp-json\/wp\/v2\/pages"}],"about":[{"href":"https:\/\/amadocattaneo.com.ar\/site\/wp-json\/wp\/v2\/types\/page"}],"author":[{"embeddable":true,"href":"https:\/\/amadocattaneo.com.ar\/site\/wp-json\/wp\/v2\/users\/1"}],"replies":[{"embeddable":true,"href":"https:\/\/amadocattaneo.com.ar\/site\/wp-json\/wp\/v2\/comments?post=6030"}],"version-history":[{"count":5,"href":"https:\/\/amadocattaneo.com.ar\/site\/wp-json\/wp\/v2\/pages\/6030\/revisions"}],"predecessor-version":[{"id":6162,"href":"https:\/\/amadocattaneo.com.ar\/site\/wp-json\/wp\/v2\/pages\/6030\/revisions\/6162"}],"wp:attachment":[{"href":"https:\/\/amadocattaneo.com.ar\/site\/wp-json\/wp\/v2\/media?parent=6030"}],"curies":[{"name":"wp","href":"https:\/\/api.w.org\/{rel}","templated":true}]}}