{"id":5569,"date":"2025-06-15T20:53:52","date_gmt":"2025-06-15T20:53:52","guid":{"rendered":"https:\/\/amadocattaneo.com.ar\/site\/?page_id=5569"},"modified":"2025-07-19T13:13:14","modified_gmt":"2025-07-19T13:13:14","slug":"casacalandria","status":"publish","type":"page","link":"https:\/\/amadocattaneo.com.ar\/site\/casacalandria\/","title":{"rendered":"CALANDRIA"},"content":{"rendered":"<p>[et_pb_section fb_built=\u00bb1&#8243; disabled_on=\u00bbon|on|off\u00bb _builder_version=\u00bb4.24.2&#8243; _module_preset=\u00bbdefault\u00bb background_color=\u00bb#FFFFFF\u00bb background_enable_image=\u00bboff\u00bb locked=\u00bboff\u00bb global_colors_info=\u00bb{}\u00bb][et_pb_row column_structure=\u00bb1_4,3_4&#8243; use_custom_gutter=\u00bbon\u00bb gutter_width=\u00bb2&#8243; make_equal=\u00bbon\u00bb _builder_version=\u00bb4.27.4&#8243; _module_preset=\u00bbdefault\u00bb positioning=\u00bbnone\u00bb position_origin_a=\u00bbcenter_left\u00bb position_origin_f=\u00bbcenter_left\u00bb width=\u00bb95%\u00bb max_width=\u00bbnone\u00bb height=\u00bb84vh\u00bb custom_margin=\u00bb||||false|false\u00bb global_colors_info=\u00bb{}\u00bb][et_pb_column type=\u00bb1_4&#8243; _builder_version=\u00bb4.24.1&#8243; _module_preset=\u00bbdefault\u00bb global_colors_info=\u00bb{}\u00bb][et_pb_text _builder_version=\u00bb4.27.4&#8243; _module_preset=\u00bbdefault\u00bb text_font=\u00bbArboria Thin|500|||||||\u00bb text_text_color=\u00bb#000000&#8243; link_text_color=\u00bb#000000&#8243; header_font=\u00bbArboria Light||||||||\u00bb header_text_color=\u00bb#000000&#8243; header_font_size=\u00bb40px\u00bb width=\u00bb100%\u00bb max_height=\u00bb100%\u00bb custom_margin=\u00bb||||false|false\u00bb custom_padding=\u00bb||||false|false\u00bb custom_css_free_form=\u00bb.selector {overflow-y: auto;}||::-webkit-scrollbar {||width: 5px;||}||::-webkit-scrollbar-track {||background: #ffffff;||border-radius: 4px;||}||::-webkit-scrollbar-thumb {||background: #eeeeee;||border-radius: 4px;||}\u00bb global_colors_info=\u00bb{}\u00bb content__hover_enabled=\u00bboff|desktop\u00bb content__hover=\u00bb<\/p>\n<h1><span style=%22color: #000000;%22><\/span><\/h1>\n<h1><span style=%22color: #000000;%22><\/span><\/h1>\n<\/p>\n<p>\u00ab]<\/p>\n<h1><span style=\"color: #000000;\"><\/span><\/h1>\n<h1><span style=\"color: #000000;\">CALANDRIA<\/span><\/h1>\n<p><span style=\"color: #000000;\"><\/span><\/p>\n<p><strong>\u00a0<\/strong><\/p>\n<h3><strong>INFORMACI\u00d3N<\/strong><\/h3>\n<p>Tigre, Buenos Aires<\/p>\n<p>Superficie Total: 610m2<\/p>\n<p>A\u00f1o Proyecto: 2024<\/p>\n<p><strong>\u00a0<\/strong><\/p>\n<h3><strong>MEMORIA DESCRIPTIVA<\/strong><\/h3>\n<p>Situada en un terreno en esquina frente a un canal, esta casa de dos plantas est\u00e1 dise\u00f1ada para maximizar las vistas y la conexi\u00f3n con el entorno acu\u00e1tico. Su est\u00e9tica contempor\u00e1nea combina el hormig\u00f3n visto con un revestimiento de varillas negras, que aportan textura y personalidad al conjunto.<\/p>\n<p>El living se ubica en una esquina de la casa, logrando una gran apertura y conectividad visual con el exterior, potenciando la relaci\u00f3n entre el interior y el paisaje. La galer\u00eda y la pileta est\u00e1n situadas a un costado, aprovechando la orientaci\u00f3n del terreno para crear espacios de recreo y descanso vinculados al canal.<\/p>\n<p>La distribuci\u00f3n interior maximiza la entrada de luz natural y las vistas, con las \u00e1reas privadas en planta alta y los espacios sociales en planta baja, que se abren hacia el exterior y el entorno. El dise\u00f1o busca un equilibrio entre solidez y ligereza, utilizando materiales que dialogan con el paisaje y aportan car\u00e1cter a la vivienda, invitando a disfrutar de la tranquilidad de su ubicaci\u00f3n.<\/p>\n<p>[\/et_pb_text][\/et_pb_column][et_pb_column type=\u00bb3_4&#8243; _builder_version=\u00bb4.24.0&#8243; _module_preset=\u00bbdefault\u00bb global_colors_info=\u00bb{}\u00bb][et_pb_gallery gallery_ids=\u00bb5689,5691,5690,5577,5578&#8243; fullwidth=\u00bbon\u00bb _builder_version=\u00bb4.27.4&#8243; _module_preset=\u00bbdefault\u00bb transform_translate=\u00bb0px|15px\u00bb transform_translate_linked=\u00bboff\u00bb hover_enabled=\u00bb0&#8243; global_colors_info=\u00bb{}\u00bb sticky_enabled=\u00bb0&#8243;][\/et_pb_gallery][\/et_pb_column][\/et_pb_row][et_pb_row use_custom_gutter=\u00bbon\u00bb gutter_width=\u00bb2&#8243; _builder_version=\u00bb4.24.2&#8243; _module_preset=\u00bbdefault\u00bb positioning=\u00bbnone\u00bb position_origin_a=\u00bbcenter_left\u00bb position_origin_f=\u00bbcenter_left\u00bb width=\u00bb95%\u00bb max_width=\u00bbnone\u00bb custom_margin=\u00bb||||false|false\u00bb global_colors_info=\u00bb{}\u00bb][et_pb_column type=\u00bb4_4&#8243; _builder_version=\u00bb4.24.1&#8243; _module_preset=\u00bbdefault\u00bb global_colors_info=\u00bb{}\u00bb][et_pb_image src=\u00bbhttps:\/\/amadocattaneo.com.ar\/site\/wp-content\/uploads\/2025\/07\/calandriagal1final.jpeg\u00bb alt=\u00bbCalandria\u00bb align=\u00bbright\u00bb _builder_version=\u00bb4.27.4&#8243; _module_preset=\u00bbdefault\u00bb position_origin_f=\u00bbcenter_center\u00bb position_origin_r=\u00bbtop_right\u00bb custom_margin=\u00bb25px||||false|false\u00bb hover_enabled=\u00bb0&#8243; global_colors_info=\u00bb{}\u00bb sticky_enabled=\u00bb0&#8243;][\/et_pb_image][et_pb_image src=\u00bbhttps:\/\/amadocattaneo.com.ar\/site\/wp-content\/uploads\/2025\/07\/calandriagal2final.png\u00bb alt=\u00bbCalandria\u00bb _builder_version=\u00bb4.27.4&#8243; _module_preset=\u00bbdefault\u00bb custom_margin=\u00bb25px||||false|false\u00bb hover_enabled=\u00bb0&#8243; global_colors_info=\u00bb{}\u00bb sticky_enabled=\u00bb0&#8243;][\/et_pb_image][et_pb_image src=\u00bbhttps:\/\/amadocattaneo.com.ar\/site\/wp-content\/uploads\/2025\/06\/gal4calandria.jpg\u00bb alt=\u00bbCalandria\u00bb _builder_version=\u00bb4.27.4&#8243; _module_preset=\u00bbdefault\u00bb custom_margin=\u00bb25px||||false|false\u00bb global_colors_info=\u00bb{}\u00bb][\/et_pb_image][et_pb_image src=\u00bbhttps:\/\/amadocattaneo.com.ar\/site\/wp-content\/uploads\/2025\/06\/gal5calandria.jpg\u00bb alt=\u00bbCalandria\u00bb _builder_version=\u00bb4.27.4&#8243; _module_preset=\u00bbdefault\u00bb custom_margin=\u00bb25px||||false|false\u00bb global_colors_info=\u00bb{}\u00bb][\/et_pb_image][\/et_pb_column][\/et_pb_row][\/et_pb_section]<\/p>\n","protected":false},"excerpt":{"rendered":"<p>CALANDRIA \u00a0 INFORMACI\u00d3N Tigre, Buenos Aires Superficie Total: 610m2 A\u00f1o Proyecto: 2024 \u00a0 MEMORIA DESCRIPTIVA Situada en un terreno en esquina frente a un canal, esta casa de dos plantas est\u00e1 dise\u00f1ada para maximizar las vistas y la conexi\u00f3n con el entorno acu\u00e1tico. Su est\u00e9tica contempor\u00e1nea combina el hormig\u00f3n visto con un revestimiento de varillas [&hellip;]<\/p>\n","protected":false},"author":1,"featured_media":0,"parent":0,"menu_order":0,"comment_status":"closed","ping_status":"closed","template":"","meta":{"_et_pb_use_builder":"on","_et_pb_old_content":"","_et_gb_content_width":"","footnotes":""},"class_list":["post-5569","page","type-page","status-publish","hentry"],"_links":{"self":[{"href":"https:\/\/amadocattaneo.com.ar\/site\/wp-json\/wp\/v2\/pages\/5569","targetHints":{"allow":["GET"]}}],"collection":[{"href":"https:\/\/amadocattaneo.com.ar\/site\/wp-json\/wp\/v2\/pages"}],"about":[{"href":"https:\/\/amadocattaneo.com.ar\/site\/wp-json\/wp\/v2\/types\/page"}],"author":[{"embeddable":true,"href":"https:\/\/amadocattaneo.com.ar\/site\/wp-json\/wp\/v2\/users\/1"}],"replies":[{"embeddable":true,"href":"https:\/\/amadocattaneo.com.ar\/site\/wp-json\/wp\/v2\/comments?post=5569"}],"version-history":[{"count":8,"href":"https:\/\/amadocattaneo.com.ar\/site\/wp-json\/wp\/v2\/pages\/5569\/revisions"}],"predecessor-version":[{"id":5696,"href":"https:\/\/amadocattaneo.com.ar\/site\/wp-json\/wp\/v2\/pages\/5569\/revisions\/5696"}],"wp:attachment":[{"href":"https:\/\/amadocattaneo.com.ar\/site\/wp-json\/wp\/v2\/media?parent=5569"}],"curies":[{"name":"wp","href":"https:\/\/api.w.org\/{rel}","templated":true}]}}