{"id":5564,"date":"2025-06-15T17:54:22","date_gmt":"2025-06-15T17:54:22","guid":{"rendered":"https:\/\/amadocattaneo.com.ar\/site\/?page_id=5564"},"modified":"2025-06-15T17:57:43","modified_gmt":"2025-06-15T17:57:43","slug":"casalacarolina3movil","status":"publish","type":"page","link":"https:\/\/amadocattaneo.com.ar\/site\/casalacarolina3movil\/","title":{"rendered":"LA CAROLINA III"},"content":{"rendered":"<p>[et_pb_section fb_built=\u00bb1&#8243; disabled_on=\u00bboff|off|on\u00bb _builder_version=\u00bb4.27.4&#8243; _module_preset=\u00bbdefault\u00bb background_color=\u00bb#FFFFFF\u00bb background_enable_image=\u00bboff\u00bb custom_margin=\u00bb|8px||12px|false|false\u00bb locked=\u00bboff\u00bb global_colors_info=\u00bb{}\u00bb theme_builder_area=\u00bbpost_content\u00bb][et_pb_row column_structure=\u00bb1_4,3_4&#8243; use_custom_gutter=\u00bbon\u00bb gutter_width=\u00bb2&#8243; _builder_version=\u00bb4.24.2&#8243; _module_preset=\u00bbdefault\u00bb positioning=\u00bbnone\u00bb position_origin_a=\u00bbcenter_left\u00bb position_origin_f=\u00bbcenter_left\u00bb width=\u00bb95%\u00bb max_width=\u00bbnone\u00bb custom_margin=\u00bb||||false|false\u00bb global_colors_info=\u00bb{}\u00bb theme_builder_area=\u00bbpost_content\u00bb][et_pb_column type=\u00bb1_4&#8243; _builder_version=\u00bb4.24.1&#8243; _module_preset=\u00bbdefault\u00bb global_colors_info=\u00bb{}\u00bb theme_builder_area=\u00bbpost_content\u00bb][et_pb_text _builder_version=\u00bb4.27.4&#8243; _module_preset=\u00bbdefault\u00bb text_font=\u00bbArboria Thin|500|||||||\u00bb text_text_color=\u00bb#000000&#8243; link_text_color=\u00bb#000000&#8243; header_font=\u00bbArboria Light||||||||\u00bb header_text_color=\u00bb#000000&#8243; header_font_size=\u00bb40px\u00bb width=\u00bb100%\u00bb custom_margin=\u00bb||||false|false\u00bb custom_padding=\u00bb||||false|false\u00bb global_colors_info=\u00bb{}\u00bb content__hover_enabled=\u00bboff|desktop\u00bb content__hover=\u00bb<\/p>\n<h1><span style=%22color: #000000;%22><\/span><\/h1>\n<h1><span style=%22color: #000000;%22><\/span><\/h1>\n<\/p>\n<p>\u00bb theme_builder_area=\u00bbpost_content\u00bb]<\/p>\n<h1><span style=\"color: #000000;\"><\/span><\/h1>\n<h1><span style=\"color: #000000;\">LA CAROLINA III<\/span><\/h1>\n<p>[\/et_pb_text][et_pb_gallery gallery_ids=\u00bb5550,5544,5545,5546,5547,5548,5549&#8243; fullwidth=\u00bbon\u00bb _builder_version=\u00bb4.27.4&#8243; _module_preset=\u00bbdefault\u00bb transform_translate=\u00bb0px|15px\u00bb transform_translate_linked=\u00bboff\u00bb global_colors_info=\u00bb{}\u00bb theme_builder_area=\u00bbpost_content\u00bb][\/et_pb_gallery][\/et_pb_column][et_pb_column type=\u00bb3_4&#8243; _builder_version=\u00bb4.24.0&#8243; _module_preset=\u00bbdefault\u00bb global_colors_info=\u00bb{}\u00bb theme_builder_area=\u00bbpost_content\u00bb][et_pb_text _builder_version=\u00bb4.27.4&#8243; _module_preset=\u00bbdefault\u00bb text_font=\u00bbArboria Thin|500|||||||\u00bb text_text_color=\u00bb#000000&#8243; link_text_color=\u00bb#000000&#8243; header_font=\u00bbArboria Light||||||||\u00bb header_text_color=\u00bb#000000&#8243; header_font_size=\u00bb40px\u00bb width=\u00bb100%\u00bb custom_margin=\u00bb||||false|false\u00bb custom_padding=\u00bb||||false|false\u00bb hover_enabled=\u00bb0&#8243; global_colors_info=\u00bb{}\u00bb content__hover_enabled=\u00bboff|desktop\u00bb content__hover=\u00bb<\/p>\n<h1><span style=%22color: #000000;%22><\/span><\/h1>\n<h1><span style=%22color: #000000;%22><\/span><\/h1>\n<\/p>\n<p>\u00bb theme_builder_area=\u00bbpost_content\u00bb sticky_enabled=\u00bb0&#8243;]<\/p>\n<h3><strong><\/strong><\/h3>\n<h3><strong>INFORMACI\u00d3N<\/strong><\/h3>\n<p>Punta del Este, Uruguay<\/p>\n<p>Superficie Total: 530m2<\/p>\n<p>A\u00f1o Proyecto: 2024<\/p>\n<p><strong>\u00a0<\/strong><\/p>\n<h3><strong>MEMORIA DESCRIPTIVA<\/strong><\/h3>\n<p>Esta casa de playa de dos plantas est\u00e1 dise\u00f1ada para potenciar la relaci\u00f3n con el entorno natural y el clima costero. En planta baja, un gran patio central divide la casa en dos sectores, generando ventilaci\u00f3n cruzada, abundante luz natural y un punto focal que conecta visual y espacialmente los diferentes ambientes de la casa.<\/p>\n<p>Con un car\u00e1cter m\u00e1s reservado, la planta alta concentra la zona m\u00e1s privada de la vivienda. Adem\u00e1s, en este nivel existe una amplia terraza, que act\u00faa como extensi\u00f3n de los espacios interiores y ofrece un \u00e1rea de descanso al aire libre con vistas privilegiadas del entorno.<\/p>\n<p>El dise\u00f1o general busca un equilibrio entre funcionalidad y confort, utilizando materiales naturales y un lenguaje arquitect\u00f3nico contempor\u00e1neo que invita a la convivencia y al disfrute del paisaje costero desde cada rinc\u00f3n de la casa.<\/p>\n<p>[\/et_pb_text][\/et_pb_column][\/et_pb_row][et_pb_row use_custom_gutter=\u00bbon\u00bb gutter_width=\u00bb2&#8243; _builder_version=\u00bb4.27.4&#8243; _module_preset=\u00bbdefault\u00bb positioning=\u00bbnone\u00bb position_origin_a=\u00bbcenter_left\u00bb position_origin_f=\u00bbcenter_left\u00bb width=\u00bb95%\u00bb max_width=\u00bbnone\u00bb custom_margin=\u00bb||||false|false\u00bb custom_padding=\u00bb0px||||false|false\u00bb global_colors_info=\u00bb{}\u00bb theme_builder_area=\u00bbpost_content\u00bb][et_pb_column type=\u00bb4_4&#8243; _builder_version=\u00bb4.24.1&#8243; _module_preset=\u00bbdefault\u00bb global_colors_info=\u00bb{}\u00bb theme_builder_area=\u00bbpost_content\u00bb][et_pb_image src=\u00bbhttps:\/\/amadocattaneo.com.ar\/site\/wp-content\/uploads\/2025\/06\/gal1lacarolina3.jpg\u00bb alt=\u00bbLa Carolina III\u00bb show_bottom_space=\u00bboff\u00bb align=\u00bbright\u00bb _builder_version=\u00bb4.27.4&#8243; _module_preset=\u00bbdefault\u00bb position_origin_f=\u00bbcenter_center\u00bb position_origin_r=\u00bbtop_right\u00bb custom_margin=\u00bb||||false|false\u00bb custom_padding=\u00bb||10px||false|false\u00bb global_colors_info=\u00bb{}\u00bb theme_builder_area=\u00bbpost_content\u00bb][\/et_pb_image][et_pb_image src=\u00bbhttps:\/\/amadocattaneo.com.ar\/site\/wp-content\/uploads\/2025\/06\/gal2lacarolina3.jpg\u00bb alt=\u00bbLa Carolina III\u00bb show_bottom_space=\u00bboff\u00bb _builder_version=\u00bb4.27.4&#8243; _module_preset=\u00bbdefault\u00bb custom_margin=\u00bb||||false|false\u00bb custom_padding=\u00bb||10px||false|false\u00bb global_colors_info=\u00bb{}\u00bb theme_builder_area=\u00bbpost_content\u00bb][\/et_pb_image][et_pb_image src=\u00bbhttps:\/\/amadocattaneo.com.ar\/site\/wp-content\/uploads\/2025\/06\/gal3lacarolina3.jpg\u00bb alt=\u00bbLa Carolina III\u00bb show_bottom_space=\u00bboff\u00bb _builder_version=\u00bb4.27.4&#8243; _module_preset=\u00bbdefault\u00bb custom_margin=\u00bb||||false|false\u00bb custom_padding=\u00bb||10px||false|false\u00bb global_colors_info=\u00bb{}\u00bb theme_builder_area=\u00bbpost_content\u00bb][\/et_pb_image][et_pb_image src=\u00bbhttps:\/\/amadocattaneo.com.ar\/site\/wp-content\/uploads\/2025\/06\/gal4lacarolina3.jpg\u00bb alt=\u00bbLa Carolina III\u00bb show_bottom_space=\u00bboff\u00bb _builder_version=\u00bb4.27.4&#8243; _module_preset=\u00bbdefault\u00bb custom_margin=\u00bb||||false|false\u00bb custom_padding=\u00bb||10px||false|false\u00bb global_colors_info=\u00bb{}\u00bb theme_builder_area=\u00bbpost_content\u00bb][\/et_pb_image][et_pb_image src=\u00bbhttps:\/\/amadocattaneo.com.ar\/site\/wp-content\/uploads\/2025\/06\/gal5lacarolina3.jpg\u00bb alt=\u00bbLa Carolina III\u00bb show_bottom_space=\u00bboff\u00bb _builder_version=\u00bb4.27.4&#8243; _module_preset=\u00bbdefault\u00bb custom_margin=\u00bb||||false|false\u00bb custom_padding=\u00bb||10px||false|false\u00bb global_colors_info=\u00bb{}\u00bb theme_builder_area=\u00bbpost_content\u00bb][\/et_pb_image][et_pb_image src=\u00bbhttps:\/\/amadocattaneo.com.ar\/site\/wp-content\/uploads\/2025\/06\/gal6lacarolina3.jpg\u00bb alt=\u00bbLa Carolina III\u00bb show_bottom_space=\u00bboff\u00bb _builder_version=\u00bb4.27.4&#8243; _module_preset=\u00bbdefault\u00bb custom_margin=\u00bb||||false|false\u00bb custom_padding=\u00bb||10px||false|false\u00bb global_colors_info=\u00bb{}\u00bb theme_builder_area=\u00bbpost_content\u00bb][\/et_pb_image][\/et_pb_column][\/et_pb_row][\/et_pb_section]<\/p>\n","protected":false},"excerpt":{"rendered":"<p>LA CAROLINA III INFORMACI\u00d3N Punta del Este, Uruguay Superficie Total: 530m2 A\u00f1o Proyecto: 2024 \u00a0 MEMORIA DESCRIPTIVA Esta casa de playa de dos plantas est\u00e1 dise\u00f1ada para potenciar la relaci\u00f3n con el entorno natural y el clima costero. En planta baja, un gran patio central divide la casa en dos sectores, generando ventilaci\u00f3n cruzada, abundante [&hellip;]<\/p>\n","protected":false},"author":1,"featured_media":0,"parent":0,"menu_order":0,"comment_status":"closed","ping_status":"closed","template":"","meta":{"_et_pb_use_builder":"on","_et_pb_old_content":"","_et_gb_content_width":"","footnotes":""},"class_list":["post-5564","page","type-page","status-publish","hentry"],"_links":{"self":[{"href":"https:\/\/amadocattaneo.com.ar\/site\/wp-json\/wp\/v2\/pages\/5564","targetHints":{"allow":["GET"]}}],"collection":[{"href":"https:\/\/amadocattaneo.com.ar\/site\/wp-json\/wp\/v2\/pages"}],"about":[{"href":"https:\/\/amadocattaneo.com.ar\/site\/wp-json\/wp\/v2\/types\/page"}],"author":[{"embeddable":true,"href":"https:\/\/amadocattaneo.com.ar\/site\/wp-json\/wp\/v2\/users\/1"}],"replies":[{"embeddable":true,"href":"https:\/\/amadocattaneo.com.ar\/site\/wp-json\/wp\/v2\/comments?post=5564"}],"version-history":[{"count":4,"href":"https:\/\/amadocattaneo.com.ar\/site\/wp-json\/wp\/v2\/pages\/5564\/revisions"}],"predecessor-version":[{"id":5568,"href":"https:\/\/amadocattaneo.com.ar\/site\/wp-json\/wp\/v2\/pages\/5564\/revisions\/5568"}],"wp:attachment":[{"href":"https:\/\/amadocattaneo.com.ar\/site\/wp-json\/wp\/v2\/media?parent=5564"}],"curies":[{"name":"wp","href":"https:\/\/api.w.org\/{rel}","templated":true}]}}