{"id":4603,"date":"2024-12-16T01:42:15","date_gmt":"2024-12-16T01:42:15","guid":{"rendered":"https:\/\/amadocattaneo.com.ar\/site\/?page_id=4603"},"modified":"2025-06-13T15:32:20","modified_gmt":"2025-06-13T15:32:20","slug":"casajoseignacio","status":"publish","type":"page","link":"https:\/\/amadocattaneo.com.ar\/site\/casajoseignacio\/","title":{"rendered":"JOS\u00c9 IGNACIO I"},"content":{"rendered":"<p>[et_pb_section fb_built=\u00bb1&#8243; disabled_on=\u00bbon|on|off\u00bb _builder_version=\u00bb4.24.2&#8243; _module_preset=\u00bbdefault\u00bb background_color=\u00bb#FFFFFF\u00bb background_enable_image=\u00bboff\u00bb locked=\u00bboff\u00bb global_colors_info=\u00bb{}\u00bb][et_pb_row column_structure=\u00bb1_4,3_4&#8243; use_custom_gutter=\u00bbon\u00bb gutter_width=\u00bb2&#8243; make_equal=\u00bbon\u00bb _builder_version=\u00bb4.27.4&#8243; _module_preset=\u00bbdefault\u00bb positioning=\u00bbnone\u00bb position_origin_a=\u00bbcenter_left\u00bb position_origin_f=\u00bbcenter_left\u00bb width=\u00bb95%\u00bb max_width=\u00bbnone\u00bb height=\u00bb84vh\u00bb custom_margin=\u00bb||||false|false\u00bb global_colors_info=\u00bb{}\u00bb][et_pb_column type=\u00bb1_4&#8243; _builder_version=\u00bb4.24.1&#8243; _module_preset=\u00bbdefault\u00bb global_colors_info=\u00bb{}\u00bb][et_pb_text _builder_version=\u00bb4.27.4&#8243; _module_preset=\u00bbdefault\u00bb text_font=\u00bbArboria Thin|500|||||||\u00bb text_text_color=\u00bb#000000&#8243; link_text_color=\u00bb#000000&#8243; header_font=\u00bbArboria Light||||||||\u00bb header_text_color=\u00bb#000000&#8243; header_font_size=\u00bb40px\u00bb width=\u00bb100%\u00bb max_height=\u00bb100%\u00bb custom_margin=\u00bb||||false|false\u00bb custom_padding=\u00bb||||false|false\u00bb hover_enabled=\u00bb0&#8243; custom_css_free_form=\u00bb.selector {overflow-y: auto;}||::-webkit-scrollbar {||width: 5px;||}||::-webkit-scrollbar-track {||background: #ffffff;||border-radius: 4px;||}||::-webkit-scrollbar-thumb {||background: #eeeeee;||border-radius: 4px;||}\u00bb global_colors_info=\u00bb{}\u00bb content__hover_enabled=\u00bboff|desktop\u00bb content__hover=\u00bb<\/p>\n<h1><span style=%22color: #000000;%22><\/span><\/h1>\n<h1><span style=%22color: #000000;%22><\/span><\/h1>\n<\/p>\n<p>\u00bb sticky_enabled=\u00bb0&#8243;]<\/p>\n<h1><span style=\"color: #000000;\"><\/span><\/h1>\n<h1><span style=\"color: #000000;\">JOS\u00c9 IGNACIO I<\/span><\/h1>\n<p><span style=\"color: #000000;\"><\/span><\/p>\n<p><strong>\u00a0<\/strong><\/p>\n<h3><strong>INFORMACI\u00d3N<\/strong><\/h3>\n<p>Jos\u00e9 Ignacio, Uruguay<\/p>\n<p>Superficie Total: 1300m2<\/p>\n<p>A\u00f1o Proyecto: 2023<\/p>\n<p><strong>\u00a0<\/strong><\/p>\n<h3><strong>MEMORIA DESCRIPTIVA<\/strong><\/h3>\n<p>La vivienda se ubica en Jos\u00e9 Ignacio, en un terreno frente a la playa que permite disfrutar de vistas privilegiadas y la brisa marina. La casa se desarrolla en tres niveles: un subsuelo, planta baja y planta alta, integr\u00e1ndose arm\u00f3nicamente con el entorno natural y aprovechando al m\u00e1ximo la orientaci\u00f3n y el paisaje. El subsuelo cuenta con un patio ingl\u00e9s que aporta iluminaci\u00f3n natural y ventilaci\u00f3n, creando un espacio luminoso y confortable.<\/p>\n<p>En la planta baja y la planta alta, la arquitectura se organiza en torno a un patio interno que atraviesa ambos niveles, generando una conexi\u00f3n visual y espacial que permite la entrada de luz natural y facilita la circulaci\u00f3n del aire, adem\u00e1s de brindar privacidad y un ambiente tranquilo dentro de la casa. Estos espacios act\u00faan como un pulm\u00f3n verde y aportan una atm\u00f3sfera fresca y abierta, vinculando las distintas \u00e1reas funcionales de la vivienda.<\/p>\n<p>La planta alta se destaca por una amplia terraza que se abre hacia el paisaje costero, ofreciendo vistas panor\u00e1micas ininterrumpidas hacia el mar y el entorno natural. Este espacio exterior se convierte en un lugar privilegiado para el descanso y el disfrute del entorno, potenciando la experiencia de vida en contacto directo con la playa y el paisaje de Jos\u00e9 Ignacio, en perfecta armon\u00eda con el dise\u00f1o interior y la estructura de la casa.<\/p>\n<p>[\/et_pb_text][\/et_pb_column][et_pb_column type=\u00bb3_4&#8243; _builder_version=\u00bb4.24.0&#8243; _module_preset=\u00bbdefault\u00bb global_colors_info=\u00bb{}\u00bb][et_pb_gallery gallery_ids=\u00bb3663,3756,3757,3758,3759,3760,3761,3762&#8243; fullwidth=\u00bbon\u00bb _builder_version=\u00bb4.27.3&#8243; _module_preset=\u00bbdefault\u00bb transform_translate=\u00bb0px|15px\u00bb transform_translate_linked=\u00bboff\u00bb global_colors_info=\u00bb{}\u00bb][\/et_pb_gallery][\/et_pb_column][\/et_pb_row][et_pb_row use_custom_gutter=\u00bbon\u00bb gutter_width=\u00bb2&#8243; _builder_version=\u00bb4.24.2&#8243; _module_preset=\u00bbdefault\u00bb positioning=\u00bbnone\u00bb position_origin_a=\u00bbcenter_left\u00bb position_origin_f=\u00bbcenter_left\u00bb width=\u00bb95%\u00bb max_width=\u00bbnone\u00bb custom_margin=\u00bb||||false|false\u00bb global_colors_info=\u00bb{}\u00bb][et_pb_column type=\u00bb4_4&#8243; _builder_version=\u00bb4.24.1&#8243; _module_preset=\u00bbdefault\u00bb global_colors_info=\u00bb{}\u00bb][et_pb_image src=\u00bbhttps:\/\/amadocattaneo.com.ar\/site\/wp-content\/uploads\/2024\/11\/gal1casajoseignacio.jpg\u00bb alt=\u00bbJos\u00e9 Ignacio\u00bb title_text=\u00bbcastoresgal2&#8243; align=\u00bbright\u00bb _builder_version=\u00bb4.27.4&#8243; _module_preset=\u00bbdefault\u00bb position_origin_f=\u00bbcenter_center\u00bb position_origin_r=\u00bbtop_right\u00bb custom_margin=\u00bb25px||||false|false\u00bb global_colors_info=\u00bb{}\u00bb][\/et_pb_image][et_pb_image src=\u00bbhttps:\/\/amadocattaneo.com.ar\/site\/wp-content\/uploads\/2024\/11\/gal2casajoseignacio.jpg\u00bb alt=\u00bbJos\u00e9 Ignacio\u00bb _builder_version=\u00bb4.27.4&#8243; _module_preset=\u00bbdefault\u00bb custom_margin=\u00bb25px||||false|false\u00bb global_colors_info=\u00bb{}\u00bb][\/et_pb_image][et_pb_image src=\u00bbhttps:\/\/amadocattaneo.com.ar\/site\/wp-content\/uploads\/2024\/11\/gal3casajoseignacio.jpg\u00bb alt=\u00bbJos\u00e9 Ignacio\u00bb _builder_version=\u00bb4.27.4&#8243; _module_preset=\u00bbdefault\u00bb custom_margin=\u00bb25px||||false|false\u00bb global_colors_info=\u00bb{}\u00bb][\/et_pb_image][et_pb_image src=\u00bbhttps:\/\/amadocattaneo.com.ar\/site\/wp-content\/uploads\/2024\/11\/gal4casajoseignacio.jpg\u00bb alt=\u00bbJos\u00e9 Ignacio\u00bb _builder_version=\u00bb4.27.4&#8243; _module_preset=\u00bbdefault\u00bb custom_margin=\u00bb25px||||false|false\u00bb global_colors_info=\u00bb{}\u00bb][\/et_pb_image][et_pb_image src=\u00bbhttps:\/\/amadocattaneo.com.ar\/site\/wp-content\/uploads\/2024\/11\/gal5casajoseignacio.jpg\u00bb alt=\u00bbJos\u00e9 Ignacio\u00bb _builder_version=\u00bb4.27.4&#8243; _module_preset=\u00bbdefault\u00bb custom_margin=\u00bb25px||||false|false\u00bb global_colors_info=\u00bb{}\u00bb][\/et_pb_image][et_pb_image src=\u00bbhttps:\/\/amadocattaneo.com.ar\/site\/wp-content\/uploads\/2024\/11\/gal6casajoseignacio.jpg\u00bb alt=\u00bbJos\u00e9 Ignacio\u00bb _builder_version=\u00bb4.27.4&#8243; _module_preset=\u00bbdefault\u00bb custom_margin=\u00bb25px||||false|false\u00bb global_colors_info=\u00bb{}\u00bb][\/et_pb_image][et_pb_image src=\u00bbhttps:\/\/amadocattaneo.com.ar\/site\/wp-content\/uploads\/2024\/11\/gal7casajoseignacio.jpg\u00bb alt=\u00bbJos\u00e9 Ignacio\u00bb title_text=\u00bbcastoresgal5&#8243; _builder_version=\u00bb4.27.4&#8243; _module_preset=\u00bbdefault\u00bb custom_margin=\u00bb25px||||false|false\u00bb global_colors_info=\u00bb{}\u00bb][\/et_pb_image][\/et_pb_column][\/et_pb_row][\/et_pb_section]<\/p>\n","protected":false},"excerpt":{"rendered":"<p>JOS\u00c9 IGNACIO I \u00a0 INFORMACI\u00d3N Jos\u00e9 Ignacio, Uruguay Superficie Total: 1300m2 A\u00f1o Proyecto: 2023 \u00a0 MEMORIA DESCRIPTIVA La vivienda se ubica en Jos\u00e9 Ignacio, en un terreno frente a la playa que permite disfrutar de vistas privilegiadas y la brisa marina. La casa se desarrolla en tres niveles: un subsuelo, planta baja y planta alta, [&hellip;]<\/p>\n","protected":false},"author":1,"featured_media":0,"parent":0,"menu_order":0,"comment_status":"closed","ping_status":"closed","template":"","meta":{"_et_pb_use_builder":"on","_et_pb_old_content":"","_et_gb_content_width":"","footnotes":""},"class_list":["post-4603","page","type-page","status-publish","hentry"],"_links":{"self":[{"href":"https:\/\/amadocattaneo.com.ar\/site\/wp-json\/wp\/v2\/pages\/4603","targetHints":{"allow":["GET"]}}],"collection":[{"href":"https:\/\/amadocattaneo.com.ar\/site\/wp-json\/wp\/v2\/pages"}],"about":[{"href":"https:\/\/amadocattaneo.com.ar\/site\/wp-json\/wp\/v2\/types\/page"}],"author":[{"embeddable":true,"href":"https:\/\/amadocattaneo.com.ar\/site\/wp-json\/wp\/v2\/users\/1"}],"replies":[{"embeddable":true,"href":"https:\/\/amadocattaneo.com.ar\/site\/wp-json\/wp\/v2\/comments?post=4603"}],"version-history":[{"count":9,"href":"https:\/\/amadocattaneo.com.ar\/site\/wp-json\/wp\/v2\/pages\/4603\/revisions"}],"predecessor-version":[{"id":5467,"href":"https:\/\/amadocattaneo.com.ar\/site\/wp-json\/wp\/v2\/pages\/4603\/revisions\/5467"}],"wp:attachment":[{"href":"https:\/\/amadocattaneo.com.ar\/site\/wp-json\/wp\/v2\/media?parent=4603"}],"curies":[{"name":"wp","href":"https:\/\/api.w.org\/{rel}","templated":true}]}}