{"id":4510,"date":"2024-12-15T23:20:32","date_gmt":"2024-12-15T23:20:32","guid":{"rendered":"https:\/\/amadocattaneo.com.ar\/site\/?page_id=4510"},"modified":"2025-06-13T15:12:44","modified_gmt":"2025-06-13T15:12:44","slug":"casamargensur","status":"publish","type":"page","link":"https:\/\/amadocattaneo.com.ar\/site\/casamargensur\/","title":{"rendered":"MARGEN SUR"},"content":{"rendered":"<p>[et_pb_section fb_built=\u00bb1&#8243; disabled_on=\u00bbon|on|off\u00bb _builder_version=\u00bb4.24.2&#8243; _module_preset=\u00bbdefault\u00bb background_color=\u00bb#FFFFFF\u00bb background_enable_image=\u00bboff\u00bb locked=\u00bboff\u00bb global_colors_info=\u00bb{}\u00bb][et_pb_row column_structure=\u00bb1_4,3_4&#8243; use_custom_gutter=\u00bbon\u00bb gutter_width=\u00bb2&#8243; make_equal=\u00bbon\u00bb _builder_version=\u00bb4.27.4&#8243; _module_preset=\u00bbdefault\u00bb positioning=\u00bbnone\u00bb position_origin_a=\u00bbcenter_left\u00bb position_origin_f=\u00bbcenter_left\u00bb width=\u00bb95%\u00bb max_width=\u00bbnone\u00bb height=\u00bb84vh\u00bb custom_margin=\u00bb||||false|false\u00bb global_colors_info=\u00bb{}\u00bb][et_pb_column type=\u00bb1_4&#8243; _builder_version=\u00bb4.24.1&#8243; _module_preset=\u00bbdefault\u00bb global_colors_info=\u00bb{}\u00bb][et_pb_text _builder_version=\u00bb4.27.4&#8243; _module_preset=\u00bbdefault\u00bb text_font=\u00bbArboria Thin|500|||||||\u00bb text_text_color=\u00bb#000000&#8243; link_text_color=\u00bb#000000&#8243; header_font=\u00bbArboria Light||||||||\u00bb header_text_color=\u00bb#000000&#8243; header_font_size=\u00bb40px\u00bb width=\u00bb100%\u00bb max_height=\u00bb100%\u00bb custom_margin=\u00bb||||false|false\u00bb custom_padding=\u00bb||||false|false\u00bb hover_enabled=\u00bb0&#8243; custom_css_free_form=\u00bb.selector {overflow-y: auto;}||::-webkit-scrollbar {||width: 5px;||}||::-webkit-scrollbar-track {||background: #ffffff;||border-radius: 4px;||}||::-webkit-scrollbar-thumb {||background: #eeeeee;||border-radius: 4px;||}\u00bb global_colors_info=\u00bb{}\u00bb content__hover_enabled=\u00bboff|desktop\u00bb content__hover=\u00bb<\/p>\n<h1><span style=%22color: #000000;%22><\/span><\/h1>\n<h1><span style=%22color: #000000;%22><\/span><\/h1>\n<\/p>\n<p>\u00bb sticky_enabled=\u00bb0&#8243;]<\/p>\n<h1><span style=\"color: #000000;\"><\/span><\/h1>\n<h1><span style=\"color: #000000;\">MARGEN SUR<\/span><\/h1>\n<p><span style=\"color: #000000;\"><\/span><\/p>\n<p><strong>\u00a0<\/strong><\/p>\n<h3><strong>INFORMACI\u00d3N<\/strong><\/h3>\n<p>Villa La Angostura, Neuqu\u00e9n, Argentina<\/p>\n<p>Superficie Total: 1900m2<\/p>\n<p>A\u00f1o Proyecto: 2024<\/p>\n<p><strong>\u00a0<\/strong><\/p>\n<h3><strong>MEMORIA DESCRIPTIVA<\/strong><\/h3>\n<p>El proyecto se compone de un conjunto de tres viviendas y un espacio com\u00fan, ubicados en Villa La Angostura, frente al lago Nahuel Huapi. El dise\u00f1o responde a la topograf\u00eda monta\u00f1osa del terreno, adapt\u00e1ndose a su relieve con una disposici\u00f3n que permite a cada unidad contar con visuales directas hacia el lago y mantener la privacidad entre las viviendas. La orientaci\u00f3n y distribuci\u00f3n general buscan una integraci\u00f3n arm\u00f3nica con el paisaje natural, priorizando la relaci\u00f3n visual y espacial con el entorno.<\/p>\n<p>Cada vivienda est\u00e1 resuelta en dos niveles. El ingreso se realiza por la planta alta, donde se desarrollan los espacios de car\u00e1cter p\u00fablico, mientras que el nivel inferior, parcialmente enterrado debido al desnivel del terreno, contiene los espacios privados. Esta organizaci\u00f3n permite aprovechar las condiciones del sitio, generando una distribuci\u00f3n funcional que refuerza la privacidad y la conexi\u00f3n con el paisaje desde las \u00e1reas m\u00e1s abiertas del proyecto.<\/p>\n<p>La materialidad se resuelve en hormig\u00f3n y madera, estableciendo un di\u00e1logo sobrio y contempor\u00e1neo con el entorno natural. El conjunto mantiene un lenguaje arquitect\u00f3nico coherente y contenido, que busca minimizar el impacto visual en el entorno y potenciar la experiencia del habitar en un contexto de monta\u00f1a y lago, caracterizado por su fuerte presencia natural.<\/p>\n<p>[\/et_pb_text][\/et_pb_column][et_pb_column type=\u00bb3_4&#8243; _builder_version=\u00bb4.24.0&#8243; _module_preset=\u00bbdefault\u00bb global_colors_info=\u00bb{}\u00bb][et_pb_gallery gallery_ids=\u00bb5336,5337,5338,5339,5340,5341,5342,5343&#8243; fullwidth=\u00bbon\u00bb _builder_version=\u00bb4.27.4&#8243; _module_preset=\u00bbdefault\u00bb transform_translate=\u00bb0px|15px\u00bb transform_translate_linked=\u00bboff\u00bb global_colors_info=\u00bb{}\u00bb][\/et_pb_gallery][\/et_pb_column][\/et_pb_row][et_pb_row use_custom_gutter=\u00bbon\u00bb gutter_width=\u00bb2&#8243; _builder_version=\u00bb4.24.2&#8243; _module_preset=\u00bbdefault\u00bb positioning=\u00bbnone\u00bb position_origin_a=\u00bbcenter_left\u00bb position_origin_f=\u00bbcenter_left\u00bb width=\u00bb95%\u00bb max_width=\u00bbnone\u00bb custom_margin=\u00bb||||false|false\u00bb global_colors_info=\u00bb{}\u00bb][et_pb_column type=\u00bb4_4&#8243; _builder_version=\u00bb4.24.1&#8243; _module_preset=\u00bbdefault\u00bb global_colors_info=\u00bb{}\u00bb][et_pb_image src=\u00bbhttps:\/\/amadocattaneo.com.ar\/site\/wp-content\/uploads\/2025\/01\/gal1margensur.jpg\u00bb alt=\u00bbCasa Margen Sur\u00bb _builder_version=\u00bb4.27.4&#8243; _module_preset=\u00bbdefault\u00bb custom_margin=\u00bb25px||||false|false\u00bb global_colors_info=\u00bb{}\u00bb][\/et_pb_image][et_pb_image src=\u00bbhttps:\/\/amadocattaneo.com.ar\/site\/wp-content\/uploads\/2025\/01\/gal2margensur.jpg\u00bb alt=\u00bbCasa Margen Sur\u00bb _builder_version=\u00bb4.27.4&#8243; _module_preset=\u00bbdefault\u00bb custom_margin=\u00bb25px||||false|false\u00bb global_colors_info=\u00bb{}\u00bb][\/et_pb_image][et_pb_image src=\u00bbhttps:\/\/amadocattaneo.com.ar\/site\/wp-content\/uploads\/2025\/01\/gal3margensur.jpg\u00bb alt=\u00bbCasa Margen Sur\u00bb _builder_version=\u00bb4.27.4&#8243; _module_preset=\u00bbdefault\u00bb custom_margin=\u00bb25px||||false|false\u00bb global_colors_info=\u00bb{}\u00bb][\/et_pb_image][et_pb_image src=\u00bbhttps:\/\/amadocattaneo.com.ar\/site\/wp-content\/uploads\/2025\/01\/gal4margensur.jpg\u00bb alt=\u00bbCasa Margen Sur\u00bb _builder_version=\u00bb4.27.4&#8243; _module_preset=\u00bbdefault\u00bb custom_margin=\u00bb25px||||false|false\u00bb global_colors_info=\u00bb{}\u00bb][\/et_pb_image][et_pb_image src=\u00bbhttps:\/\/amadocattaneo.com.ar\/site\/wp-content\/uploads\/2025\/01\/gal5margensur.jpg\u00bb alt=\u00bbCasa Margen Sur\u00bb _builder_version=\u00bb4.27.4&#8243; _module_preset=\u00bbdefault\u00bb custom_margin=\u00bb25px||||false|false\u00bb global_colors_info=\u00bb{}\u00bb][\/et_pb_image][et_pb_image src=\u00bbhttps:\/\/amadocattaneo.com.ar\/site\/wp-content\/uploads\/2025\/01\/gal6margensur.jpg\u00bb alt=\u00bbCasa Margen Sur\u00bb _builder_version=\u00bb4.27.4&#8243; _module_preset=\u00bbdefault\u00bb custom_margin=\u00bb25px||||false|false\u00bb global_colors_info=\u00bb{}\u00bb][\/et_pb_image][et_pb_image src=\u00bbhttps:\/\/amadocattaneo.com.ar\/site\/wp-content\/uploads\/2025\/01\/gal7margensur.jpg\u00bb alt=\u00bbCasa Margen Sur\u00bb _builder_version=\u00bb4.27.4&#8243; _module_preset=\u00bbdefault\u00bb custom_margin=\u00bb25px||||false|false\u00bb global_colors_info=\u00bb{}\u00bb][\/et_pb_image][\/et_pb_column][\/et_pb_row][\/et_pb_section]<\/p>\n","protected":false},"excerpt":{"rendered":"<p>MARGEN SUR \u00a0 INFORMACI\u00d3N Villa La Angostura, Neuqu\u00e9n, Argentina Superficie Total: 1900m2 A\u00f1o Proyecto: 2024 \u00a0 MEMORIA DESCRIPTIVA El proyecto se compone de un conjunto de tres viviendas y un espacio com\u00fan, ubicados en Villa La Angostura, frente al lago Nahuel Huapi. El dise\u00f1o responde a la topograf\u00eda monta\u00f1osa del terreno, adapt\u00e1ndose a su relieve [&hellip;]<\/p>\n","protected":false},"author":1,"featured_media":0,"parent":0,"menu_order":0,"comment_status":"closed","ping_status":"closed","template":"","meta":{"_et_pb_use_builder":"on","_et_pb_old_content":"","_et_gb_content_width":"","footnotes":""},"class_list":["post-4510","page","type-page","status-publish","hentry"],"_links":{"self":[{"href":"https:\/\/amadocattaneo.com.ar\/site\/wp-json\/wp\/v2\/pages\/4510","targetHints":{"allow":["GET"]}}],"collection":[{"href":"https:\/\/amadocattaneo.com.ar\/site\/wp-json\/wp\/v2\/pages"}],"about":[{"href":"https:\/\/amadocattaneo.com.ar\/site\/wp-json\/wp\/v2\/types\/page"}],"author":[{"embeddable":true,"href":"https:\/\/amadocattaneo.com.ar\/site\/wp-json\/wp\/v2\/users\/1"}],"replies":[{"embeddable":true,"href":"https:\/\/amadocattaneo.com.ar\/site\/wp-json\/wp\/v2\/comments?post=4510"}],"version-history":[{"count":14,"href":"https:\/\/amadocattaneo.com.ar\/site\/wp-json\/wp\/v2\/pages\/4510\/revisions"}],"predecessor-version":[{"id":5447,"href":"https:\/\/amadocattaneo.com.ar\/site\/wp-json\/wp\/v2\/pages\/4510\/revisions\/5447"}],"wp:attachment":[{"href":"https:\/\/amadocattaneo.com.ar\/site\/wp-json\/wp\/v2\/media?parent=4510"}],"curies":[{"name":"wp","href":"https:\/\/api.w.org\/{rel}","templated":true}]}}