{"id":1990,"date":"2024-04-06T23:00:51","date_gmt":"2024-04-06T23:00:51","guid":{"rendered":"https:\/\/amadocattaneo.com.ar\/site\/?page_id=1990"},"modified":"2024-12-23T11:57:20","modified_gmt":"2024-12-23T11:57:20","slug":"casamartindale2","status":"publish","type":"page","link":"https:\/\/amadocattaneo.com.ar\/site\/casamartindale2\/","title":{"rendered":"MARTINDALE II"},"content":{"rendered":"<p>[et_pb_section fb_built=\u00bb1&#8243; disabled_on=\u00bbon|on|off\u00bb _builder_version=\u00bb4.24.2&#8243; _module_preset=\u00bbdefault\u00bb background_color=\u00bb#FFFFFF\u00bb background_enable_image=\u00bboff\u00bb locked=\u00bboff\u00bb global_colors_info=\u00bb{}\u00bb][et_pb_row column_structure=\u00bb1_4,3_4&#8243; use_custom_gutter=\u00bbon\u00bb gutter_width=\u00bb2&#8243; make_equal=\u00bbon\u00bb _builder_version=\u00bb4.27.3&#8243; _module_preset=\u00bbdefault\u00bb positioning=\u00bbnone\u00bb position_origin_a=\u00bbcenter_left\u00bb position_origin_f=\u00bbcenter_left\u00bb width=\u00bb95%\u00bb max_width=\u00bbnone\u00bb height=\u00bb84vh\u00bb custom_margin=\u00bb||||false|false\u00bb global_colors_info=\u00bb{}\u00bb][et_pb_column type=\u00bb1_4&#8243; _builder_version=\u00bb4.24.1&#8243; _module_preset=\u00bbdefault\u00bb global_colors_info=\u00bb{}\u00bb][et_pb_text _builder_version=\u00bb4.27.3&#8243; _module_preset=\u00bbdefault\u00bb text_font=\u00bbArboria Thin|500|||||||\u00bb text_text_color=\u00bb#000000&#8243; link_text_color=\u00bb#000000&#8243; header_font=\u00bbArboria Light||||||||\u00bb header_text_color=\u00bb#000000&#8243; header_font_size=\u00bb40px\u00bb width=\u00bb100%\u00bb max_height=\u00bb100%\u00bb custom_margin=\u00bb||||false|false\u00bb custom_padding=\u00bb||||false|false\u00bb custom_css_free_form=\u00bb.selector {overflow-y: auto;}||::-webkit-scrollbar {||width: 5px;||}||::-webkit-scrollbar-track {||background: #ffffff;||border-radius: 4px;||}||::-webkit-scrollbar-thumb {||background: #eeeeee;||border-radius: 4px;||}\u00bb global_colors_info=\u00bb{}\u00bb content__hover_enabled=\u00bboff|desktop\u00bb content__hover=\u00bb<\/p>\n<h1><span style=%22color: #000000;%22><\/span><\/h1>\n<h1><span style=%22color: #000000;%22><\/span><\/h1>\n<\/p>\n<p>\u00ab]<\/p>\n<h1><span style=\"color: #000000;\"><\/span><\/h1>\n<h1><span style=\"color: #000000;\">MARTINDALE II<\/span><\/h1>\n<p><span style=\"color: #000000;\"><\/span><\/p>\n<p><strong>\u00a0<\/strong><\/p>\n<h3><strong>INFORMACI\u00d3N<\/strong><\/h3>\n<p>Pilar, Buenos Aires<\/p>\n<p>Superficie Total: 1800m2<\/p>\n<p>A\u00f1o Proyecto: 2021<\/p>\n<p><strong>\u00a0<\/strong><\/p>\n<h3><strong>MEMORIA DESCRIPTIVA<\/strong><\/h3>\n<p>La casa cuenta con tres niveles: subsuelo, planta baja y planta alta. En el subsuelo, encontrar\u00e1s un espacio social con garaje para cuatro autos, playroom y comedor. La planta baja tiene un dise\u00f1o en forma de L, con \u00e1reas sociales como living, comedor, cocina integrada al playroom y una amplia galer\u00eda semicubierta con sol\u00e1rium y piscina semiol\u00edmpica. La planta alta se divide en master suite y cuartos en suite, con acceso a trav\u00e9s de escaleras principal y secundaria, respectivamente, ofreciendo espacios funcionales y amplios.<\/p>\n<p>La arquitectura de la casa se destaca por su uso prominente de hormig\u00f3n visto en toda la estructura, junto con parasoles de hormig\u00f3n en la fachada frontal para crear ritmos visuales. El revestimiento de varillas de aluminio negro en toda la fachada complementa las ventanas de piso a techo. El contrafrente se abre hacia el campo de golf con una fachada trasl\u00facida, integr\u00e1ndose con la galer\u00eda y el sol\u00e1rium, lo que resalta la conexi\u00f3n con el entorno natural y el dise\u00f1o meticuloso del proyecto.<\/p>\n<p>[\/et_pb_text][\/et_pb_column][et_pb_column type=\u00bb3_4&#8243; _builder_version=\u00bb4.24.0&#8243; _module_preset=\u00bbdefault\u00bb global_colors_info=\u00bb{}\u00bb][et_pb_gallery gallery_ids=\u00bb3631,3575,3576,3577&#8243; fullwidth=\u00bbon\u00bb _builder_version=\u00bb4.27.2&#8243; _module_preset=\u00bbdefault\u00bb transform_translate=\u00bb0px|15px\u00bb transform_translate_linked=\u00bboff\u00bb global_colors_info=\u00bb{}\u00bb][\/et_pb_gallery][\/et_pb_column][\/et_pb_row][et_pb_row use_custom_gutter=\u00bbon\u00bb gutter_width=\u00bb2&#8243; _builder_version=\u00bb4.27.3&#8243; _module_preset=\u00bbdefault\u00bb positioning=\u00bbnone\u00bb position_origin_a=\u00bbcenter_left\u00bb position_origin_f=\u00bbcenter_left\u00bb width=\u00bb95%\u00bb max_width=\u00bbnone\u00bb custom_margin=\u00bb||||false|false\u00bb global_colors_info=\u00bb{}\u00bb][et_pb_column type=\u00bb4_4&#8243; _builder_version=\u00bb4.24.1&#8243; _module_preset=\u00bbdefault\u00bb global_colors_info=\u00bb{}\u00bb][et_pb_image src=\u00bbhttps:\/\/amadocattaneo.com.ar\/site\/wp-content\/uploads\/2024\/06\/2.jpg\u00bb alt=\u00bbMartindale II\u00bb align=\u00bbcenter\u00bb _builder_version=\u00bb4.27.4&#8243; _module_preset=\u00bbdefault\u00bb position_origin_f=\u00bbcenter_center\u00bb position_origin_r=\u00bbtop_right\u00bb custom_margin=\u00bb25px||||false|false\u00bb global_colors_info=\u00bb{}\u00bb][\/et_pb_image][et_pb_image src=\u00bbhttps:\/\/amadocattaneo.com.ar\/site\/wp-content\/uploads\/2024\/06\/3.jpeg\u00bb alt=\u00bbMartindale\u00bb align=\u00bbcenter\u00bb _builder_version=\u00bb4.27.4&#8243; _module_preset=\u00bbdefault\u00bb position_origin_f=\u00bbcenter_center\u00bb position_origin_r=\u00bbtop_right\u00bb custom_margin=\u00bb25px||||false|false\u00bb global_colors_info=\u00bb{}\u00bb][\/et_pb_image][et_pb_image src=\u00bbhttps:\/\/amadocattaneo.com.ar\/site\/wp-content\/uploads\/2024\/06\/8.jpeg\u00bb alt=\u00bbMartindale II\u00bb align=\u00bbcenter\u00bb _builder_version=\u00bb4.27.4&#8243; _module_preset=\u00bbdefault\u00bb position_origin_f=\u00bbcenter_center\u00bb position_origin_r=\u00bbtop_right\u00bb custom_margin=\u00bb25px||||false|false\u00bb global_colors_info=\u00bb{}\u00bb][\/et_pb_image][\/et_pb_column][\/et_pb_row][\/et_pb_section]<\/p>\n","protected":false},"excerpt":{"rendered":"<p>MARTINDALE II \u00a0 INFORMACI\u00d3N Pilar, Buenos Aires Superficie Total: 1800m2 A\u00f1o Proyecto: 2021 \u00a0 MEMORIA DESCRIPTIVA La casa cuenta con tres niveles: subsuelo, planta baja y planta alta. En el subsuelo, encontrar\u00e1s un espacio social con garaje para cuatro autos, playroom y comedor. La planta baja tiene un dise\u00f1o en forma de L, con \u00e1reas [&hellip;]<\/p>\n","protected":false},"author":1,"featured_media":0,"parent":0,"menu_order":0,"comment_status":"closed","ping_status":"closed","template":"","meta":{"_et_pb_use_builder":"on","_et_pb_old_content":"","_et_gb_content_width":"","footnotes":""},"class_list":["post-1990","page","type-page","status-publish","hentry"],"_links":{"self":[{"href":"https:\/\/amadocattaneo.com.ar\/site\/wp-json\/wp\/v2\/pages\/1990","targetHints":{"allow":["GET"]}}],"collection":[{"href":"https:\/\/amadocattaneo.com.ar\/site\/wp-json\/wp\/v2\/pages"}],"about":[{"href":"https:\/\/amadocattaneo.com.ar\/site\/wp-json\/wp\/v2\/types\/page"}],"author":[{"embeddable":true,"href":"https:\/\/amadocattaneo.com.ar\/site\/wp-json\/wp\/v2\/users\/1"}],"replies":[{"embeddable":true,"href":"https:\/\/amadocattaneo.com.ar\/site\/wp-json\/wp\/v2\/comments?post=1990"}],"version-history":[{"count":21,"href":"https:\/\/amadocattaneo.com.ar\/site\/wp-json\/wp\/v2\/pages\/1990\/revisions"}],"predecessor-version":[{"id":5089,"href":"https:\/\/amadocattaneo.com.ar\/site\/wp-json\/wp\/v2\/pages\/1990\/revisions\/5089"}],"wp:attachment":[{"href":"https:\/\/amadocattaneo.com.ar\/site\/wp-json\/wp\/v2\/media?parent=1990"}],"curies":[{"name":"wp","href":"https:\/\/api.w.org\/{rel}","templated":true}]}}