{"id":1034,"date":"2024-03-15T00:56:36","date_gmt":"2024-03-15T00:56:36","guid":{"rendered":"https:\/\/amadocattaneo.com.ar\/site\/?page_id=1034"},"modified":"2025-12-02T17:37:08","modified_gmt":"2025-12-02T17:37:08","slug":"estudio","status":"publish","type":"page","link":"https:\/\/amadocattaneo.com.ar\/site\/estudio\/","title":{"rendered":"Estudio"},"content":{"rendered":"<p>[et_pb_section fb_built=\u00bb1&#8243; disabled_on=\u00bbon|on|off\u00bb _builder_version=\u00bb4.24.2&#8243; _module_preset=\u00bbdefault\u00bb background_color=\u00bb#FFFFFF\u00bb background_enable_image=\u00bboff\u00bb global_colors_info=\u00bb{}\u00bb][et_pb_row column_structure=\u00bb1_4,3_4&#8243; use_custom_gutter=\u00bbon\u00bb gutter_width=\u00bb2&#8243; _builder_version=\u00bb4.24.2&#8243; _module_preset=\u00bbdefault\u00bb positioning=\u00bbnone\u00bb position_origin_a=\u00bbcenter_left\u00bb position_origin_f=\u00bbcenter_left\u00bb width=\u00bb95%\u00bb max_width=\u00bbnone\u00bb custom_margin=\u00bb||||false|false\u00bb global_colors_info=\u00bb{}\u00bb][et_pb_column type=\u00bb1_4&#8243; _builder_version=\u00bb4.24.1&#8243; _module_preset=\u00bbdefault\u00bb global_colors_info=\u00bb{}\u00bb][et_pb_text _builder_version=\u00bb4.27.4&#8243; _module_preset=\u00bbdefault\u00bb text_font=\u00bbArboria Light|500|||||||\u00bb text_text_color=\u00bb#000000&#8243; link_text_color=\u00bb#000000&#8243; header_font=\u00bbArboria Light||||||||\u00bb header_text_color=\u00bb#000000&#8243; header_font_size=\u00bb40px\u00bb width=\u00bb100%\u00bb custom_margin=\u00bb||||false|false\u00bb custom_padding=\u00bb||35px||false|false\u00bb scroll_vertical_motion_enable=\u00bbon\u00bb custom_css_free_form=\u00bbscroll-box\u00bb locked=\u00bboff\u00bb global_colors_info=\u00bb{}\u00bb content__hover_enabled=\u00bboff|desktop\u00bb content__hover=\u00bb<\/p>\n<h1><span style=%22color: #000000;%22><\/span><\/h1>\n<h1><span style=%22color: #000000;%22><\/span><\/h1>\n<\/p>\n<p>\u00ab]<\/p>\n<h1><\/h1>\n<h1><\/h1>\n<h1><span style=\"color: #000000;\"><\/span><\/h1>\n<h1><span style=\"color: #000000;\"><\/span><\/h1>\n<h1><span style=\"color: #000000;\"><\/span><\/h1>\n<h1><span style=\"color: #000000;\"><\/span><\/h1>\n<h1><span style=\"color: #000000;\"><\/span><\/h1>\n<h1><span style=\"color: #000000;\"><\/span><\/h1>\n<h1><span style=\"color: #000000;\"><\/span><\/h1>\n<h1><span style=\"font-size: 40px;\">ESTUDIO<\/span><span style=\"color: #000000;\"><\/span><\/h1>\n<p>&nbsp;<\/p>\n<p><span style=\"color: #000000;\"><\/span><\/p>\n<p>Ezequiel Amado Cattaneo Arquitectos nace en Buenos Aires en el a\u00f1o 2003. Nuestros 20 a\u00f1os de trayectoria en el campo de la arquitectura nos han enriquecido y perfeccionado en el rubro del dise\u00f1o. Nos distinguimos por crear proyectos aut\u00e9nticos, elegantes, s\u00f3lidos, armoniosos e impactantes.<\/p>\n<p>Nos especializamos en dise\u00f1ar obras con una identidad distintiva, perdurable y atemporal. Contamos con un equipo joven, exigente y centrado que garantiza un servicio altamente personalizado en cada etapa del proyecto.<\/p>\n<p>Cada proyecto surge de las necesidades del cliente, fomentando la innovaci\u00f3n para crear obras \u00fanicas. Nos basamos en el contexto, materiales y detalles para dise\u00f1ar, reflejando nuevas formas de vida en nuestras plantas contempor\u00e1neas que redefinen los espacios y sus relaciones.<\/p>\n<p>[\/et_pb_text][\/et_pb_column][et_pb_column type=\u00bb3_4&#8243; _builder_version=\u00bb4.24.0&#8243; _module_preset=\u00bbdefault\u00bb global_colors_info=\u00bb{}\u00bb][et_pb_image src=\u00bbhttps:\/\/amadocattaneo.com.ar\/site\/wp-content\/uploads\/2024\/12\/fondoestudio2024.jpg\u00bb alt=\u00bbEAC | Estudio\u00bb align=\u00bbright\u00bb _builder_version=\u00bb4.27.4&#8243; _module_preset=\u00bbdefault\u00bb position_origin_f=\u00bbcenter_center\u00bb position_origin_r=\u00bbtop_right\u00bb custom_margin=\u00bb25px||||false|false\u00bb global_colors_info=\u00bb{}\u00bb][\/et_pb_image][\/et_pb_column][\/et_pb_row][\/et_pb_section]<\/p>\n","protected":false},"excerpt":{"rendered":"<p>ESTUDIO &nbsp; Ezequiel Amado Cattaneo Arquitectos nace en Buenos Aires en el a\u00f1o 2003. Nuestros 20 a\u00f1os de trayectoria en el campo de la arquitectura nos han enriquecido y perfeccionado en el rubro del dise\u00f1o. Nos distinguimos por crear proyectos aut\u00e9nticos, elegantes, s\u00f3lidos, armoniosos e impactantes. Nos especializamos en dise\u00f1ar obras con una identidad distintiva, [&hellip;]<\/p>\n","protected":false},"author":1,"featured_media":0,"parent":0,"menu_order":0,"comment_status":"closed","ping_status":"closed","template":"","meta":{"_et_pb_use_builder":"on","_et_pb_old_content":"","_et_gb_content_width":"","footnotes":""},"class_list":["post-1034","page","type-page","status-publish","hentry"],"_links":{"self":[{"href":"https:\/\/amadocattaneo.com.ar\/site\/wp-json\/wp\/v2\/pages\/1034","targetHints":{"allow":["GET"]}}],"collection":[{"href":"https:\/\/amadocattaneo.com.ar\/site\/wp-json\/wp\/v2\/pages"}],"about":[{"href":"https:\/\/amadocattaneo.com.ar\/site\/wp-json\/wp\/v2\/types\/page"}],"author":[{"embeddable":true,"href":"https:\/\/amadocattaneo.com.ar\/site\/wp-json\/wp\/v2\/users\/1"}],"replies":[{"embeddable":true,"href":"https:\/\/amadocattaneo.com.ar\/site\/wp-json\/wp\/v2\/comments?post=1034"}],"version-history":[{"count":61,"href":"https:\/\/amadocattaneo.com.ar\/site\/wp-json\/wp\/v2\/pages\/1034\/revisions"}],"predecessor-version":[{"id":5997,"href":"https:\/\/amadocattaneo.com.ar\/site\/wp-json\/wp\/v2\/pages\/1034\/revisions\/5997"}],"wp:attachment":[{"href":"https:\/\/amadocattaneo.com.ar\/site\/wp-json\/wp\/v2\/media?parent=1034"}],"curies":[{"name":"wp","href":"https:\/\/api.w.org\/{rel}","templated":true}]}}